{"id":1598,"date":"2022-02-18T14:44:49","date_gmt":"2022-02-18T11:44:49","guid":{"rendered":"https:\/\/www.meetrooms.com\/cevik-agile-ofis-danismanligi-copy\/"},"modified":"2023-06-07T15:22:05","modified_gmt":"2023-06-07T12:22:05","slug":"gd-2","status":"publish","type":"page","link":"https:\/\/www.meetrooms.com\/tr\/ti\/","title":{"rendered":"Tasar\u0131m &#038; \u0130n\u015faat"},"content":{"rendered":"<!--themify_builder_content-->\n<div id=\"themify_builder_content-1598\" data-postid=\"1598\" class=\"themify_builder_content themify_builder_content-1598 themify_builder tf_clear\">\n    \t\t\t<!-- module_row -->\n\t<div  data-parallax-bg=\"desktop\" data-lazy=\"1\" class=\"module_row themify_builder_row tb_yg20441 tb_first tf_w tf_clearfix\">\n\t    <div class=\"builder_row_cover tf_abs\"><\/div>\t\t\t<div class=\"row_inner col_align_top tb_col_count_1 tf_box tf_rel\">\n\t\t            <div  data-lazy=\"1\" class=\"module_column tb-column col-full tb_8nei007 first\">\n                                                        <div class=\"tb-column-inner tf_box tf_w\">\n                        <!-- module fancy heading -->\n<div  class=\"module module-fancy-heading tb_zsze017 \" data-lazy=\"1\">\n        <h1 class=\"fancy-heading tf_textc\">\n    <span class=\"main-head tf_block\">\n\t\t\t\t\tTasar\u0131m & \u0130n\u015faat\t\t    <\/span>\n\n\t\t\t<span class=\"tb_fancy_heading_icon_wrap tf_block\">\n\t\t\t<span class=\"tb_fancy_heading_border tf_rel\"><\/span>\t\t\t<span class=\"tb_fancy_heading_icon\">\n\t\t\t\t\t\t\t\t\t<em ><svg  class=\"tf_fa tf-ti-view-list\" aria-hidden=\"true\"><use href=\"#tf-ti-view-list\"><\/use><\/svg><\/em>\n\t\t\t\t\t\t\t<\/span>\n\t\t\t<span class=\"tb_fancy_heading_border tf_rel\"><\/span>\t\t<\/span>\n\t\n    <span class=\"sub-head tf_block tf_rel\">\n\t\t\t\t\t\t\t    <\/span>\n    <\/h1>\n<\/div>\n<!-- \/module fancy heading -->\n                    <\/div><!-- .tb-column-inner -->\n                            <\/div><!-- .module_column -->\n            \t    <\/div><!-- .row_inner -->\n\t<\/div><!-- .module_row -->\n\t\t\t\t<!-- module_row -->\n\t<div  data-css_id=\"2l6f100\" data-lazy=\"1\" class=\"module_row themify_builder_row fullwidth tb_2l6f100 tf_w tf_clearfix\">\n\t    \t\t\t<div class=\"row_inner col_align_top tb_col_count_1 tf_box tf_rel\">\n\t\t            <div  data-lazy=\"1\" class=\"module_column tb-column col-full tb_vw82014 first\">\n                                                        <div class=\"tb-column-inner tf_box tf_w\">\n                        <!-- module text -->\n<div  class=\"module module-text tb_blo8004   \" data-lazy=\"1\">\n        <div  class=\"tb_text_wrap\">\n    <h3 style=\"text-align: center;\">TASARIM &amp; \u0130N\u015eAAT ALANINDAK\u0130 YETK\u0130NL\u0130KLER\u0130M\u0130Z<\/h3>\n<div data-cp=\"1\" data-is-ver=\"false\" data-nnttsvi=\"1\" data-sm=\"1\" data-sugg-time=\"500\" data-sugg-url=\"https:\/\/clients1.google.com\/complete\/search\" data-uilc=\"tr\" id=\"tw-container\">\n<div jsname=\"gI9xcc\" jsslot=\"1\">\n<div jscontroller=\"tZEiM\" jsdata=\"SANFE;_;BNuWA8\" jsaction=\"uQxhTd:d4hecb;lWUBqb:TO5MWb;IcWBXe:hLaFAe;KFlBO:UuREqb;M2HAEc:eNrnOd;rcuQ6b:npT2md\">\n<div class=\"tw-src-ltr\" id=\"tw-ob\">\n<div class=\"oSioSc\">\n<div id=\"tw-target\">\n<div id=\"kAz1tf\" class=\"g9WsWb\">\n<div class=\"tw-target-rmn tw-ta-container F0azHf tw-nfl\" id=\"tw-target-rmn-container\">\n<pre class=\"tw-data-placeholder tw-text-small tw-ta\" data-placeholder=\"\" id=\"tw-target-rmn\" dir=\"ltr\"><span class=\"Y2IQFc\"><\/span><\/pre>\n<\/div>\n<\/div>\n<\/div>\n<\/div>\n<\/div>\n<\/div>\n<\/div>\n<\/div>    <\/div>\n<\/div>\n<!-- \/module text -->                    <\/div><!-- .tb-column-inner -->\n                            <\/div><!-- .module_column -->\n            \t    <\/div><!-- .row_inner -->\n\t<\/div><!-- .module_row -->\n\t\t\t\t<!-- module_row -->\n\t<div  data-css_id=\"uhss070\" data-lazy=\"1\" class=\"module_row themify_builder_row fullwidth tb_uhss070 tf_w tf_clearfix\">\n\t    \t\t\t<div class=\"row_inner col_align_top gutter-none tb_col_count_2 tf_box tf_rel\">\n\t\t            <div  data-lazy=\"1\" class=\"module_column tb-column col4-2 tb_j83k000 first\">\n                                                        <div class=\"tb-column-inner tf_box tf_w\">\n                        <!-- module feature -->\n<div  class=\"module module-feature tb_hwth051 with-chart layout-icon-left size-small \" data-lazy=\"1\">\n        <div class=\"module-feature-image tf_textc tf_rel\">\n\t\t\t\t\t\t\t<span class=\"module-feature-chart-html5 tf_box tf_rel tf_inline_b\">\n\t\t\t\t\t\t\t<svg class=\"tf_abs tf_w tf_h\">\n\t\t\t\t<circle class=\"tb_feature_fill\" r=\"calc(50% - 1.00px)\" cx=\"50%\" cy=\"50%\" stroke-width=\"2\"\/>\n\t\t\t\t<circle class=\"tb_feature_stroke\" r=\"calc(50% - 1.00px)\" cx=\"50%\" cy=\"50%\" stroke=\"#ffc918\" stroke-width=\"2\" data-progress=\"100\" stroke-dasharray=\"0,10000\"\/>\n\t\t\t\t\t\t\t\t<\/svg>\n\t\t\t\t\t\t\t<span class=\"chart-html5-circle tf_w tf_h\">\n\t\t\t\t\t\t\t\t\t\t\t\t\t\t\t\t\t\t<em class=\"module-feature-icon tf_rel\" style=\"color:#000000\"><svg  class=\"tf_fa tf-fas-code-branch\" aria-hidden=\"true\"><use href=\"#tf-fas-code-branch\"><\/use><\/svg><\/em>\n\t\t\t\t\t\t\t\t\t\t\t\t\t\t\t<\/span>\n\n\t\t\t\t\n\t\t\t<\/span>\n\t\t\t    <\/div>\n    <div class=\"module-feature-content tf_textc\">\n\t\t\t\t\t<h3 class=\"module-feature-title\">\n\t\t\t\t\t\t\tOfis Tasar\u0131m Dan\u0131\u015fmanl\u0131\u011f\u0131 \t\t\t\t\t\t<\/h3>\n\t\t\t\t\t<div class=\"tb_text_wrap\">\n\t\t\t<p class=\"tw-data-text tw-text-large tw-ta\" data-placeholder=\"\u00c7eviri\" id=\"tw-target-text\" dir=\"ltr\"><span class=\"Y2IQFc\" lang=\"tr\">\u0130\u015fyeri tasar\u0131m dan\u0131\u015fmanl\u0131\u011f\u0131, \u00f6ncelikle bir ofiste stratejik iyile\u015ftirmelerin belirlenmesi ve uygulanmas\u0131 s\u00fcrecine odaklan\u0131r. Dan\u0131\u015fmanl\u0131k, bir i\u015fletme olarak kim oldu\u011funuza, ba\u015far\u0131l\u0131 olmak i\u00e7in bir \u00e7al\u0131\u015fma alan\u0131ndan neye ihtiyac\u0131n\u0131z oldu\u011funa ve maksimum fayda i\u00e7in ofis alan\u0131n\u0131z\u0131 en iyi nas\u0131l optimize edebilece\u011finize bakarak ba\u015flar. Ofisi de\u011ferlendirir, iyile\u015ftirme f\u0131rsatlar\u0131n\u0131 belirler ve bu de\u011fi\u015fiklikleri uygulamak i\u00e7in bir plan olu\u015ftururuz. Temel amac\u0131m\u0131z, \u00e7al\u0131\u015fanlar i\u00e7in i\u015fyeri deste\u011fi geli\u015ftirmek ve genel giderleri azaltmakt\u0131r.<\/span><\/p>\t\t<\/div>\n    <\/div>\n<\/div>\n<!-- \/module feature -->\n                    <\/div><!-- .tb-column-inner -->\n                            <\/div><!-- .module_column -->\n                        <div  data-lazy=\"1\" class=\"module_column tb-column col4-2 tb_u7sk210 last\">\n                                                        <div class=\"tb-column-inner tf_box tf_w\">\n                        <!-- module feature -->\n<div  class=\"module module-feature tb_jsqm007 with-chart layout-icon-left size-small \" data-lazy=\"1\">\n        <div class=\"module-feature-image tf_textc tf_rel\">\n\t\t\t\t\t\t\t<span class=\"module-feature-chart-html5 tf_box tf_rel tf_inline_b\">\n\t\t\t\t\t\t\t<svg class=\"tf_abs tf_w tf_h\">\n\t\t\t\t<circle class=\"tb_feature_fill\" r=\"calc(50% - 1.00px)\" cx=\"50%\" cy=\"50%\" stroke-width=\"2\"\/>\n\t\t\t\t<circle class=\"tb_feature_stroke\" r=\"calc(50% - 1.00px)\" cx=\"50%\" cy=\"50%\" stroke=\"#ffc918\" stroke-width=\"2\" data-progress=\"100\" stroke-dasharray=\"0,10000\"\/>\n\t\t\t\t\t\t\t\t<\/svg>\n\t\t\t\t\t\t\t<span class=\"chart-html5-circle tf_w tf_h\">\n\t\t\t\t\t\t\t\t\t\t\t\t\t\t\t\t\t\t<em class=\"module-feature-icon tf_rel\" style=\"color:#000000\"><svg  class=\"tf_fa tf-fas-pencil-ruler\" aria-hidden=\"true\"><use href=\"#tf-fas-pencil-ruler\"><\/use><\/svg><\/em>\n\t\t\t\t\t\t\t\t\t\t\t\t\t\t\t<\/span>\n\n\t\t\t\t\n\t\t\t<\/span>\n\t\t\t    <\/div>\n    <div class=\"module-feature-content tf_textc\">\n\t\t\t\t\t<h3 class=\"module-feature-title\">\n\t\t\t\t\t\t\t\u0130\u00e7 Mekan Tasar\u0131m\u0131 \t\t\t\t\t\t<\/h3>\n\t\t\t\t\t<div class=\"tb_text_wrap\">\n\t\t\t<div data-cp=\"1\" data-is-ver=\"false\" data-nnttsvi=\"1\" data-sm=\"1\" data-sugg-time=\"500\" data-sugg-url=\"https:\/\/clients1.google.com\/complete\/search\" data-uilc=\"tr\" id=\"tw-container\">\n<p>Canl\u0131, \u00fcretken i\u015fyerleri i\u00e7in ofislerin i\u00e7 tasar\u0131m\u0131 b\u00fcy\u00fck bir \u00f6neme sahiptir. Meetrooms olarak marka mesajlar\u0131n\u0131 i\u00e7eren ve \u015firket k\u00fclt\u00fcr\u00fcn\u00fc g\u00fc\u00e7lendiren i\u015f yerleri olu\u015fturarak, \u00e7al\u0131\u015fanlara ilham veren, motivasyonlar\u0131n\u0131 ve performanslar\u0131n\u0131 art\u0131ran \u00e7al\u0131\u015fma alanlar\u0131 sunuyoruz. Tasar\u0131mda, esteti\u011fi i\u015flevsellik, sa\u011fl\u0131k ve performansla dengeliyoruz. Sonucunda, \u00fcretken i\u015f ortamlar\u0131 yaratarak yat\u0131r\u0131m getirisini en \u00fcst d\u00fczeye \u00e7\u0131kar\u0131yoruz.<\/p>\n<\/div>\n<div class=\"KFFQ0c xKf9F\"><\/div>\t\t<\/div>\n    <\/div>\n<\/div>\n<!-- \/module feature -->\n                    <\/div><!-- .tb-column-inner -->\n                            <\/div><!-- .module_column -->\n            \t    <\/div><!-- .row_inner -->\n\t<\/div><!-- .module_row -->\n\t\t\t\t<!-- module_row -->\n\t<div  data-css_id=\"33pp961\" data-lazy=\"1\" class=\"module_row themify_builder_row fullwidth tb_33pp961 tf_w tf_clearfix\">\n\t    \t\t\t<div class=\"row_inner col_align_top gutter-none tb_col_count_2 tf_box tf_rel\">\n\t\t            <div  data-lazy=\"1\" class=\"module_column tb-column col4-2 tb_up31962 first\">\n                                                        <div class=\"tb-column-inner tf_box tf_w\">\n                        <!-- module feature -->\n<div  class=\"module module-feature tb_7r43962 with-chart layout-icon-left size-small \" data-lazy=\"1\">\n        <div class=\"module-feature-image tf_textc tf_rel\">\n\t\t\t\t\t\t\t<span class=\"module-feature-chart-html5 tf_box tf_rel tf_inline_b\">\n\t\t\t\t\t\t\t<svg class=\"tf_abs tf_w tf_h\">\n\t\t\t\t<circle class=\"tb_feature_fill\" r=\"calc(50% - 1.00px)\" cx=\"50%\" cy=\"50%\" stroke-width=\"2\"\/>\n\t\t\t\t<circle class=\"tb_feature_stroke\" r=\"calc(50% - 1.00px)\" cx=\"50%\" cy=\"50%\" stroke=\"#ffc918\" stroke-width=\"2\" data-progress=\"100\" stroke-dasharray=\"0,10000\"\/>\n\t\t\t\t\t\t\t\t<\/svg>\n\t\t\t\t\t\t\t<span class=\"chart-html5-circle tf_w tf_h\">\n\t\t\t\t\t\t\t\t\t\t\t\t\t\t\t\t\t\t<em class=\"module-feature-icon tf_rel\" style=\"color:#000000\"><svg  class=\"tf_fa tf-fas-chair\" aria-hidden=\"true\"><use href=\"#tf-fas-chair\"><\/use><\/svg><\/em>\n\t\t\t\t\t\t\t\t\t\t\t\t\t\t\t<\/span>\n\n\t\t\t\t\n\t\t\t<\/span>\n\t\t\t    <\/div>\n    <div class=\"module-feature-content tf_textc\">\n\t\t\t\t\t<h3 class=\"module-feature-title\">\n\t\t\t\t\t\t\tMobilya \u00c7\u00f6z\u00fcmleri \t\t\t\t\t\t<\/h3>\n\t\t\t\t\t<div class=\"tb_text_wrap\">\n\t\t\t<p>Ofis tasar\u0131m\u0131nda, b\u00fct\u00e7e, performans ve estetik kesinlikle se\u00e7imlerinizi belirleyecektir. Meetrooms, bu alanlar\u0131n \u00fc\u00e7\u00fcn\u00fc de kar\u015f\u0131layan \u00fcr\u00fcnler sunmaktad\u0131r. \u0130yi tasarlanm\u0131\u015f bir ofis mobilyas\u0131 projesi sizi gereksiz masraftan ve sorundan kurtarabilir. G\u00fcn\u00fcm\u00fczde ofis mobilyas\u0131 olarak \u00e7ok farkl\u0131 kalitede, maliyette ve kullan\u0131mda alternetifler bulunmaktad\u0131r. Tercihleriniz veya gereksinimleriniz ne olursa olsun, en \u00f6nemli bile\u015fen iyi bir tasar\u0131md\u0131r. Do\u011fru mobilya planlamas\u0131, ba\u015far\u0131l\u0131 bir ofis projesi ile beklentilerinizi hi\u00e7bir zaman tam olarak kar\u015f\u0131lamayan bir ofis projesi aras\u0131ndaki fark\u0131 yaratabilir.<\/p>\t\t<\/div>\n    <\/div>\n<\/div>\n<!-- \/module feature -->\n                    <\/div><!-- .tb-column-inner -->\n                            <\/div><!-- .module_column -->\n                        <div  data-lazy=\"1\" class=\"module_column tb-column col4-2 tb_msxl962 last\">\n                                                        <div class=\"tb-column-inner tf_box tf_w\">\n                        <!-- module feature -->\n<div  class=\"module module-feature tb_dppl962 with-chart layout-icon-left size-small \" data-lazy=\"1\">\n        <div class=\"module-feature-image tf_textc tf_rel\">\n\t\t\t\t\t\t\t<span class=\"module-feature-chart-html5 tf_box tf_rel tf_inline_b\">\n\t\t\t\t\t\t\t<svg class=\"tf_abs tf_w tf_h\">\n\t\t\t\t<circle class=\"tb_feature_fill\" r=\"calc(50% - 1.00px)\" cx=\"50%\" cy=\"50%\" stroke-width=\"2\"\/>\n\t\t\t\t<circle class=\"tb_feature_stroke\" r=\"calc(50% - 1.00px)\" cx=\"50%\" cy=\"50%\" stroke=\"#ffc918\" stroke-width=\"2\" data-progress=\"100\" stroke-dasharray=\"0,10000\"\/>\n\t\t\t\t\t\t\t\t<\/svg>\n\t\t\t\t\t\t\t<span class=\"chart-html5-circle tf_w tf_h\">\n\t\t\t\t\t\t\t\t\t\t\t\t\t\t\t\t\t\t<em class=\"module-feature-icon tf_rel\" style=\"color:#000000\"><svg  class=\"tf_fa tf-fas-building\" aria-hidden=\"true\"><use href=\"#tf-fas-building\"><\/use><\/svg><\/em>\n\t\t\t\t\t\t\t\t\t\t\t\t\t\t\t<\/span>\n\n\t\t\t\t\n\t\t\t<\/span>\n\t\t\t    <\/div>\n    <div class=\"module-feature-content tf_textc\">\n\t\t\t\t\t<h3 class=\"module-feature-title\">\n\t\t\t\t\t\t\tProje & \u0130n\u015faat Y\u00f6netimi\t\t\t\t\t\t<\/h3>\n\t\t\t\t\t<div class=\"tb_text_wrap\">\n\t\t\t<div data-cp=\"1\" data-is-ver=\"false\" data-nnttsvi=\"1\" data-sm=\"1\" data-sugg-time=\"500\" data-sugg-url=\"https:\/\/clients1.google.com\/complete\/search\" data-uilc=\"tr\" id=\"tw-container\">\n<p>\u0130n\u015faat proje y\u00f6netimi, fikir a\u015famas\u0131ndan tamamlanmaya kadar proje ya\u015fam d\u00f6ng\u00fcs\u00fcn\u00fcn her bir b\u00f6l\u00fcm\u00fcn\u00fc y\u00f6netmeyi ve organize etmeyi i\u00e7erir. Projeleri zaman\u0131nda ve b\u00fct\u00e7enin alt\u0131nda teslim etmeyi ama\u00e7layan b\u00fct\u00fcnsel bir uygulamad\u0131r. \u0130n\u015faat proje y\u00f6netimi, maliyet kontrol\u00fc, \u00e7izelgeleme, tedarik ve risk de\u011ferlendirmesi dahil olmak \u00fczere bir\u00e7ok \u00f6nemli hususun ele al\u0131nmas\u0131n\u0131 gerektiren karma\u015f\u0131k bir disiplindir. Proje y\u00f6neticileri, mimarlardan mal sahiplerine ve m\u00fcteahhitlere kadar bir in\u015faat projesinde yer alan t\u00fcm ekip \u00fcyeleriyle etkile\u015fime girer.<br \/><g-expandable-container jscontroller=\"QE1bwd\" data-npd=\"1\" data-slct=\"mnr-c\" jsshadow=\"\" jsaction=\"C7xow:Z6bwpe;xNpQtd:Nh5q2c;U6VCqe:GsRPff;Ep2Mgc:AgioGc;BDs6B:fW2qAb;ep03Ne:AvkpRc;gvA4Rc:yELBLe\"><\/g-expandable-container><\/p>\n<\/div>\n<div class=\"KFFQ0c xKf9F\"><\/div>\t\t<\/div>\n    <\/div>\n<\/div>\n<!-- \/module feature -->\n                    <\/div><!-- .tb-column-inner -->\n                            <\/div><!-- .module_column -->\n            \t    <\/div><!-- .row_inner -->\n\t<\/div><!-- .module_row -->\n\t\t\t\t<!-- module_row -->\n\t<div  data-lazy=\"1\" class=\"module_row themify_builder_row tb_nhn5001 tf_w tf_clearfix\">\n\t    <div class=\"builder_row_cover tf_abs\"><\/div>\t\t\t<div class=\"row_inner col_align_top tb_col_count_1 tf_box tf_rel\">\n\t\t            <div  data-lazy=\"1\" class=\"module_column tb-column col-full tb_vedt520 first\">\n                                                        <div class=\"tb-column-inner tf_box tf_w\">\n                        <!-- module text -->\n<div  class=\"module module-text tb_lbw2001   \" data-lazy=\"1\">\n        <div  class=\"tb_text_wrap\">\n    <h4>B\u0130Z\u0130MLE \u0130LET\u0130\u015e\u0130ME GE\u00c7\u0130N<\/h4>\n<p>T\u00fcrkiye ve Orta Asya\u2019daki kurumsal ofis hizmetleriyle ilgili her konuda yan\u0131n\u0131zday\u0131z. Hem \u0130ngiltere hem de T\u00fcrkiye\u2019deki ofislerimizle, t\u00fcm projeleriniz i\u00e7in y\u00fcz y\u00fcze g\u00f6r\u00fc\u015fmek i\u00e7in bir telefon uza\u011f\u0131n\u0131zday\u0131z.<\/p>\n<p>info@meetrooms.com e-posta adresi \u00fczerinden veya +90 216 368 80 29 \/ +44 777 858 75 96 telefon numaralar\u0131 \u00fczerinden bize ula\u015f\u0131n.<\/p>    <\/div>\n<\/div>\n<!-- \/module text --><!-- module buttons -->\n<div  class=\"module module-buttons tb_rh6u390 buttons-horizontal outline  squared\" data-lazy=\"1\">\n    \t<div class=\"module-buttons-item tf_inline_b\">\n\t\t\t\t\t\t\t<a href=\"\/tr\/iletisim\" class=\"ui builder_button yellow\" >\n\t\t\t\t\t\t\t\t\t\t\t<span class=\"tf_inline_b tf_vmiddle\">\u0130leti\u015fim<\/span>\n\t\t\t\t\t\t\t\t\t\t\t<\/a>\n\t\t\t    \t<\/div>\n    <\/div>\n<!-- \/module buttons -->\n                    <\/div><!-- .tb-column-inner -->\n                            <\/div><!-- .module_column -->\n            \t    <\/div><!-- .row_inner -->\n\t<\/div><!-- .module_row -->\n\t<\/div>\n<!--\/themify_builder_content-->","protected":false},"excerpt":{"rendered":"<p>Tasar\u0131m &#038; \u0130n\u015faat TASARIM &amp; \u0130N\u015eAAT ALANINDAK\u0130 YETK\u0130NL\u0130KLER\u0130M\u0130Z Ofis Tasar\u0131m Dan\u0131\u015fmanl\u0131\u011f\u0131 \u0130\u015fyeri tasar\u0131m dan\u0131\u015fmanl\u0131\u011f\u0131, \u00f6ncelikle bir ofiste stratejik iyile\u015ftirmelerin belirlenmesi ve uygulanmas\u0131 s\u00fcrecine odaklan\u0131r. Dan\u0131\u015fmanl\u0131k, bir i\u015fletme olarak kim oldu\u011funuza, ba\u015far\u0131l\u0131 olmak i\u00e7in bir \u00e7al\u0131\u015fma alan\u0131ndan neye ihtiyac\u0131n\u0131z oldu\u011funa ve maksimum fayda i\u00e7in ofis alan\u0131n\u0131z\u0131 en iyi nas\u0131l optimize edebilece\u011finize bakarak ba\u015flar. Ofisi de\u011ferlendirir, iyile\u015ftirme [&hellip;]<\/p>\n","protected":false},"author":1,"featured_media":0,"parent":0,"menu_order":0,"comment_status":"closed","ping_status":"closed","template":"","meta":{"footnotes":""},"class_list":["post-1598","page","type-page","status-publish","hentry","has-post-title","has-post-date","has-post-category","has-post-tag","has-post-comment","has-post-author",""],"builder_content":"<h1>Tasar\u0131m & \u0130n\u015faat<br\/><\/h1>\n<h3 style=\"text-align: center;\">TASARIM &amp; \u0130N\u015eAAT ALANINDAK\u0130 YETK\u0130NL\u0130KLER\u0130M\u0130Z<\/h3>\n<pre data-placeholder=\"\" id=\"tw-target-rmn\" dir=\"ltr\"><\/pre>\n<svg> <circle r=\"calc(50% - 1.00px)\" cx=\"50%\" cy=\"50%\" stroke-width=\"2\"\/> <circle r=\"calc(50% - 1.00px)\" cx=\"50%\" cy=\"50%\" stroke=\"#ffc918\" stroke-width=\"2\" data-progress=\"100\" stroke-dasharray=\"0,10000\"\/> <\/svg> <em style=\"color:#000000\"><svg aria-hidden=\"true\"><use href=\"#tf-fas-code-branch\"><\/use><\/svg><\/em> \n <h3> Ofis Tasar\u0131m Dan\u0131\u015fmanl\u0131\u011f\u0131 <\/h3> <p data-placeholder=\"\u00c7eviri\" id=\"tw-target-text\" dir=\"ltr\">\u0130\u015fyeri tasar\u0131m dan\u0131\u015fmanl\u0131\u011f\u0131, \u00f6ncelikle bir ofiste stratejik iyile\u015ftirmelerin belirlenmesi ve uygulanmas\u0131 s\u00fcrecine odaklan\u0131r. Dan\u0131\u015fmanl\u0131k, bir i\u015fletme olarak kim oldu\u011funuza, ba\u015far\u0131l\u0131 olmak i\u00e7in bir \u00e7al\u0131\u015fma alan\u0131ndan neye ihtiyac\u0131n\u0131z oldu\u011funa ve maksimum fayda i\u00e7in ofis alan\u0131n\u0131z\u0131 en iyi nas\u0131l optimize edebilece\u011finize bakarak ba\u015flar. Ofisi de\u011ferlendirir, iyile\u015ftirme f\u0131rsatlar\u0131n\u0131 belirler ve bu de\u011fi\u015fiklikleri uygulamak i\u00e7in bir plan olu\u015ftururuz. Temel amac\u0131m\u0131z, \u00e7al\u0131\u015fanlar i\u00e7in i\u015fyeri deste\u011fi geli\u015ftirmek ve genel giderleri azaltmakt\u0131r.<\/p>\n<svg> <circle r=\"calc(50% - 1.00px)\" cx=\"50%\" cy=\"50%\" stroke-width=\"2\"\/> <circle r=\"calc(50% - 1.00px)\" cx=\"50%\" cy=\"50%\" stroke=\"#ffc918\" stroke-width=\"2\" data-progress=\"100\" stroke-dasharray=\"0,10000\"\/> <\/svg> <em style=\"color:#000000\"><svg aria-hidden=\"true\"><use href=\"#tf-fas-pencil-ruler\"><\/use><\/svg><\/em> \n <h3> \u0130\u00e7 Mekan Tasar\u0131m\u0131 <\/h3> <p>Canl\u0131, \u00fcretken i\u015fyerleri i\u00e7in ofislerin i\u00e7 tasar\u0131m\u0131 b\u00fcy\u00fck bir \u00f6neme sahiptir. Meetrooms olarak marka mesajlar\u0131n\u0131 i\u00e7eren ve \u015firket k\u00fclt\u00fcr\u00fcn\u00fc g\u00fc\u00e7lendiren i\u015f yerleri olu\u015fturarak, \u00e7al\u0131\u015fanlara ilham veren, motivasyonlar\u0131n\u0131 ve performanslar\u0131n\u0131 art\u0131ran \u00e7al\u0131\u015fma alanlar\u0131 sunuyoruz. Tasar\u0131mda, esteti\u011fi i\u015flevsellik, sa\u011fl\u0131k ve performansla dengeliyoruz. Sonucunda, \u00fcretken i\u015f ortamlar\u0131 yaratarak yat\u0131r\u0131m getirisini en \u00fcst d\u00fczeye \u00e7\u0131kar\u0131yoruz.<\/p>\n<svg> <circle r=\"calc(50% - 1.00px)\" cx=\"50%\" cy=\"50%\" stroke-width=\"2\"\/> <circle r=\"calc(50% - 1.00px)\" cx=\"50%\" cy=\"50%\" stroke=\"#ffc918\" stroke-width=\"2\" data-progress=\"100\" stroke-dasharray=\"0,10000\"\/> <\/svg> <em style=\"color:#000000\"><svg aria-hidden=\"true\"><use href=\"#tf-fas-chair\"><\/use><\/svg><\/em> \n <h3> Mobilya \u00c7\u00f6z\u00fcmleri <\/h3> <p>Ofis tasar\u0131m\u0131nda, b\u00fct\u00e7e, performans ve estetik kesinlikle se\u00e7imlerinizi belirleyecektir. Meetrooms, bu alanlar\u0131n \u00fc\u00e7\u00fcn\u00fc de kar\u015f\u0131layan \u00fcr\u00fcnler sunmaktad\u0131r. \u0130yi tasarlanm\u0131\u015f bir ofis mobilyas\u0131 projesi sizi gereksiz masraftan ve sorundan kurtarabilir. G\u00fcn\u00fcm\u00fczde ofis mobilyas\u0131 olarak \u00e7ok farkl\u0131 kalitede, maliyette ve kullan\u0131mda alternetifler bulunmaktad\u0131r. Tercihleriniz veya gereksinimleriniz ne olursa olsun, en \u00f6nemli bile\u015fen iyi bir tasar\u0131md\u0131r. Do\u011fru mobilya planlamas\u0131, ba\u015far\u0131l\u0131 bir ofis projesi ile beklentilerinizi hi\u00e7bir zaman tam olarak kar\u015f\u0131lamayan bir ofis projesi aras\u0131ndaki fark\u0131 yaratabilir.<\/p>\n<svg> <circle r=\"calc(50% - 1.00px)\" cx=\"50%\" cy=\"50%\" stroke-width=\"2\"\/> <circle r=\"calc(50% - 1.00px)\" cx=\"50%\" cy=\"50%\" stroke=\"#ffc918\" stroke-width=\"2\" data-progress=\"100\" stroke-dasharray=\"0,10000\"\/> <\/svg> <em style=\"color:#000000\"><svg aria-hidden=\"true\"><use href=\"#tf-fas-building\"><\/use><\/svg><\/em> \n <h3> Proje & \u0130n\u015faat Y\u00f6netimi <\/h3> <p>\u0130n\u015faat proje y\u00f6netimi, fikir a\u015famas\u0131ndan tamamlanmaya kadar proje ya\u015fam d\u00f6ng\u00fcs\u00fcn\u00fcn her bir b\u00f6l\u00fcm\u00fcn\u00fc y\u00f6netmeyi ve organize etmeyi i\u00e7erir. Projeleri zaman\u0131nda ve b\u00fct\u00e7enin alt\u0131nda teslim etmeyi ama\u00e7layan b\u00fct\u00fcnsel bir uygulamad\u0131r. \u0130n\u015faat proje y\u00f6netimi, maliyet kontrol\u00fc, \u00e7izelgeleme, tedarik ve risk de\u011ferlendirmesi dahil olmak \u00fczere bir\u00e7ok \u00f6nemli hususun ele al\u0131nmas\u0131n\u0131 gerektiren karma\u015f\u0131k bir disiplindir. Proje y\u00f6neticileri, mimarlardan mal sahiplerine ve m\u00fcteahhitlere kadar bir in\u015faat projesinde yer alan t\u00fcm ekip \u00fcyeleriyle etkile\u015fime girer.<br \/><g-expandable-container jscontroller=\"QE1bwd\" data-npd=\"1\" data-slct=\"mnr-c\" jsshadow=\"\" jsaction=\"C7xow:Z6bwpe;xNpQtd:Nh5q2c;U6VCqe:GsRPff;Ep2Mgc:AgioGc;BDs6B:fW2qAb;ep03Ne:AvkpRc;gvA4Rc:yELBLe\"><\/g-expandable-container><\/p>\n<h4>B\u0130Z\u0130MLE \u0130LET\u0130\u015e\u0130ME GE\u00c7\u0130N<\/h4> <p>T\u00fcrkiye ve Orta Asya\u2019daki kurumsal ofis hizmetleriyle ilgili her konuda yan\u0131n\u0131zday\u0131z. Hem \u0130ngiltere hem de T\u00fcrkiye\u2019deki ofislerimizle, t\u00fcm projeleriniz i\u00e7in y\u00fcz y\u00fcze g\u00f6r\u00fc\u015fmek i\u00e7in bir telefon uza\u011f\u0131n\u0131zday\u0131z.<\/p> <p>info@meetrooms.com e-posta adresi \u00fczerinden veya +90 216 368 80 29 \/ +44 777 858 75 96 telefon numaralar\u0131 \u00fczerinden bize ula\u015f\u0131n.<\/p>\n<a href=\"\/tr\/iletisim\" > \u0130leti\u015fim <\/a>","_links":{"self":[{"href":"https:\/\/www.meetrooms.com\/tr\/wp-json\/wp\/v2\/pages\/1598","targetHints":{"allow":["GET"]}}],"collection":[{"href":"https:\/\/www.meetrooms.com\/tr\/wp-json\/wp\/v2\/pages"}],"about":[{"href":"https:\/\/www.meetrooms.com\/tr\/wp-json\/wp\/v2\/types\/page"}],"author":[{"embeddable":true,"href":"https:\/\/www.meetrooms.com\/tr\/wp-json\/wp\/v2\/users\/1"}],"replies":[{"embeddable":true,"href":"https:\/\/www.meetrooms.com\/tr\/wp-json\/wp\/v2\/comments?post=1598"}],"version-history":[{"count":17,"href":"https:\/\/www.meetrooms.com\/tr\/wp-json\/wp\/v2\/pages\/1598\/revisions"}],"predecessor-version":[{"id":2035,"href":"https:\/\/www.meetrooms.com\/tr\/wp-json\/wp\/v2\/pages\/1598\/revisions\/2035"}],"wp:attachment":[{"href":"https:\/\/www.meetrooms.com\/tr\/wp-json\/wp\/v2\/media?parent=1598"}],"curies":[{"name":"wp","href":"https:\/\/api.w.org\/{rel}","templated":true}]}}